{"id":1776,"date":"2020-11-05T22:20:32","date_gmt":"2020-11-05T21:20:32","guid":{"rendered":"https:\/\/redemptorismaterfribourg.ch\/?page_id=1776"},"modified":"2021-03-11T22:34:12","modified_gmt":"2021-03-11T21:34:12","slug":"elementor-1776","status":"publish","type":"page","link":"https:\/\/redemptorismaterfribourg.ch\/?page_id=1776&lang=it","title":{"rendered":"DONAZIONI"},"content":{"rendered":"\t\t<div data-elementor-type=\"wp-post\" data-elementor-id=\"1776\" class=\"elementor elementor-1776\">\n\t\t\t\t\t\t<section class=\"elementor-section elementor-top-section elementor-element elementor-element-8b497ff elementor-section-boxed elementor-section-height-default elementor-section-height-default\" data-id=\"8b497ff\" data-element_type=\"section\" data-e-type=\"section\">\n\t\t\t\t\t\t<div class=\"elementor-container elementor-column-gap-default\">\n\t\t\t\t\t<div class=\"elementor-column elementor-col-100 elementor-top-column elementor-element elementor-element-fdca77f\" data-id=\"fdca77f\" data-element_type=\"column\" data-e-type=\"column\">\n\t\t\t<div class=\"elementor-widget-wrap elementor-element-populated\">\n\t\t\t\t\t\t<div class=\"elementor-element elementor-element-dafee13 elementor-widget elementor-widget-heading\" data-id=\"dafee13\" data-element_type=\"widget\" data-e-type=\"widget\" data-widget_type=\"heading.default\">\n\t\t\t\t<div class=\"elementor-widget-container\">\n\t\t\t\t\t<h2 class=\"elementor-heading-title elementor-size-default\">S\u00cc, VOGLIO FARE UNA DONAZIONE PER SOSTENERE I SEMINARISTI<\/h2>\t\t\t\t<\/div>\n\t\t\t\t<\/div>\n\t\t\t\t\t<\/div>\n\t\t<\/div>\n\t\t\t\t\t<\/div>\n\t\t<\/section>\n\t\t\t\t<section class=\"elementor-section elementor-top-section elementor-element elementor-element-4078da5 elementor-section-boxed elementor-section-height-default elementor-section-height-default\" data-id=\"4078da5\" data-element_type=\"section\" data-e-type=\"section\">\n\t\t\t\t\t\t<div class=\"elementor-container elementor-column-gap-default\">\n\t\t\t\t\t<div class=\"elementor-column elementor-col-100 elementor-top-column elementor-element elementor-element-f8a52e4\" data-id=\"f8a52e4\" data-element_type=\"column\" data-e-type=\"column\">\n\t\t\t<div class=\"elementor-widget-wrap elementor-element-populated\">\n\t\t\t\t\t\t<div class=\"elementor-element elementor-element-5527b6f elementor-widget elementor-widget-text-editor\" data-id=\"5527b6f\" data-element_type=\"widget\" data-e-type=\"widget\" data-widget_type=\"text-editor.default\">\n\t\t\t\t<div class=\"elementor-widget-container\">\n\t\t\t\t\t\t\t\t\t<p>Il Seminario Missionario Internazionale Diocesano Redemptoris Mater di Friburgo si propone di formare giovani e adulti nel ministero sacerdotale per una nuova evangelizzazione della diocesi di Losanna, Ginevra e Friburgo. Il seminario e la fondazione che lo sostiene non perseguono <b>alcun obiettivo lucrativo<\/b> o commerciale, per questo i seminaristi <b>hanno bisogno del vostro aiuto<\/b>. <a href=\"https:\/\/www.fundraiso.ch\/sponsor\/fondation-seminaire-diocesain-missionnaire-international-redemptoris-mater-de-fribourg\/\" target=\"_blank\" rel=\"noopener\">Link (in francese)<\/a><\/p>\t\t\t\t\t\t\t\t<\/div>\n\t\t\t\t<\/div>\n\t\t\t\t\t<\/div>\n\t\t<\/div>\n\t\t\t\t\t<\/div>\n\t\t<\/section>\n\t\t\t\t<section class=\"elementor-section elementor-top-section elementor-element elementor-element-cbb2fe4 elementor-section-boxed elementor-section-height-default elementor-section-height-default\" data-id=\"cbb2fe4\" data-element_type=\"section\" data-e-type=\"section\">\n\t\t\t\t\t\t<div class=\"elementor-container elementor-column-gap-default\">\n\t\t\t\t\t<div class=\"elementor-column elementor-col-100 elementor-top-column elementor-element elementor-element-b2349f1\" data-id=\"b2349f1\" data-element_type=\"column\" data-e-type=\"column\">\n\t\t\t<div class=\"elementor-widget-wrap elementor-element-populated\">\n\t\t\t\t\t\t<div class=\"elementor-element elementor-element-9261610 elementor-widget elementor-widget-heading\" data-id=\"9261610\" data-element_type=\"widget\" data-e-type=\"widget\" data-widget_type=\"heading.default\">\n\t\t\t\t<div class=\"elementor-widget-container\">\n\t\t\t\t\t<h2 class=\"elementor-heading-title elementor-size-default\">PAGAMENTO ONLINE<\/h2>\t\t\t\t<\/div>\n\t\t\t\t<\/div>\n\t\t\t\t\t<\/div>\n\t\t<\/div>\n\t\t\t\t\t<\/div>\n\t\t<\/section>\n\t\t\t\t<section class=\"elementor-section elementor-top-section elementor-element elementor-element-4b13513 elementor-section-boxed elementor-section-height-default elementor-section-height-default\" data-id=\"4b13513\" data-element_type=\"section\" data-e-type=\"section\">\n\t\t\t\t\t\t<div class=\"elementor-container elementor-column-gap-default\">\n\t\t\t\t\t<div class=\"elementor-column elementor-col-100 elementor-top-column elementor-element elementor-element-1d41d8f\" data-id=\"1d41d8f\" data-element_type=\"column\" data-e-type=\"column\">\n\t\t\t<div class=\"elementor-widget-wrap elementor-element-populated\">\n\t\t\t\t\t\t<div class=\"elementor-element elementor-element-a4f7d26 elementor-widget elementor-widget-text-editor\" data-id=\"a4f7d26\" data-element_type=\"widget\" data-e-type=\"widget\" data-widget_type=\"text-editor.default\">\n\t\t\t\t<div class=\"elementor-widget-container\">\n\t\t\t\t\t\t\t\t\t<p>Tramite il link sottostante potete effettuare un pagamento online alla Fondazione del Seminario di Friburgo con carta di credito (Visa, Mastercard, American Express ecc.). Sentitevi liberi di fare una <b>donazione mensile<\/b> spuntando la casella corrispondente.<\/p>\t\t\t\t\t\t\t\t<\/div>\n\t\t\t\t<\/div>\n\t\t\t\t\t<\/div>\n\t\t<\/div>\n\t\t\t\t\t<\/div>\n\t\t<\/section>\n\t\t\t\t<section class=\"elementor-section elementor-top-section elementor-element elementor-element-e816901 elementor-section-boxed elementor-section-height-default elementor-section-height-default\" data-id=\"e816901\" data-element_type=\"section\" data-e-type=\"section\">\n\t\t\t\t\t\t<div class=\"elementor-container elementor-column-gap-default\">\n\t\t\t\t\t<div class=\"elementor-column elementor-col-50 elementor-top-column elementor-element elementor-element-4ba6265\" data-id=\"4ba6265\" data-element_type=\"column\" data-e-type=\"column\">\n\t\t\t<div class=\"elementor-widget-wrap elementor-element-populated\">\n\t\t\t\t\t\t<div class=\"elementor-element elementor-element-c1ed710 elementor-widget elementor-widget-html\" data-id=\"c1ed710\" data-element_type=\"widget\" data-e-type=\"widget\" data-widget_type=\"html.default\">\n\t\t\t\t<div class=\"elementor-widget-container\">\n\t\t\t\t\t<form style=\"margin-top:10px; text-align: center\" action=\"https:\/\/www.paypal.com\/cgi-bin\/webscr\" method=\"post\" target=\"_top\">\n<input type=\"hidden\" name=\"cmd\" value=\"_s-xclick\">\n<input type=\"hidden\" name=\"hosted_button_id\" value=\"M3ZXQ5X5E7NA4\">\n<input type=\"image\" src=\"http:\/\/redemptorismaterfribourg.ch\/wp-content\/uploads\/2018\/11\/Je-donne-e1543097789167.png\" border=\"0\" name=\"submit\" alt=\"PayPal, le r\u00e9flexe s\u00e9curit\u00e9 pour payer en ligne\">\n<img decoding=\"async\" alt=\"\" border=\"0\" src=\"https:\/\/www.paypalobjects.com\/fr_FR\/i\/scr\/pixel.gif\" width=\"1\" height=\"1\">\n<\/form>\t\t\t\t<\/div>\n\t\t\t\t<\/div>\n\t\t\t\t<div class=\"elementor-element elementor-element-38e3703 elementor-widget elementor-widget-text-editor\" data-id=\"38e3703\" data-element_type=\"widget\" data-e-type=\"widget\" data-widget_type=\"text-editor.default\">\n\t\t\t\t<div class=\"elementor-widget-container\">\n\t\t\t\t\t\t\t\t\t<p style=\"text-align: center;\">Fai clic sull&rsquo;immagine qui sopra per effettuare un pagamento online.<\/p>\t\t\t\t\t\t\t\t<\/div>\n\t\t\t\t<\/div>\n\t\t\t\t\t<\/div>\n\t\t<\/div>\n\t\t\t\t<div class=\"elementor-column elementor-col-50 elementor-top-column elementor-element elementor-element-de5c44f\" data-id=\"de5c44f\" data-element_type=\"column\" data-e-type=\"column\">\n\t\t\t<div class=\"elementor-widget-wrap elementor-element-populated\">\n\t\t\t\t\t\t<div class=\"elementor-element elementor-element-62373b1 elementor-widget elementor-widget-image\" data-id=\"62373b1\" data-element_type=\"widget\" data-e-type=\"widget\" data-widget_type=\"image.default\">\n\t\t\t\t<div class=\"elementor-widget-container\">\n\t\t\t\t\t\t\t\t\t\t\t\t\t\t\t<img fetchpriority=\"high\" decoding=\"async\" width=\"479\" height=\"478\" src=\"https:\/\/redemptorismaterfribourg.ch\/wp-content\/uploads\/2018\/08\/Ricardo.jpg\" class=\"attachment-large size-large wp-image-148\" alt=\"\" srcset=\"https:\/\/redemptorismaterfribourg.ch\/wp-content\/uploads\/2018\/08\/Ricardo.jpg 479w, https:\/\/redemptorismaterfribourg.ch\/wp-content\/uploads\/2018\/08\/Ricardo-150x150.jpg 150w, https:\/\/redemptorismaterfribourg.ch\/wp-content\/uploads\/2018\/08\/Ricardo-300x300.jpg 300w, https:\/\/redemptorismaterfribourg.ch\/wp-content\/uploads\/2018\/08\/Ricardo-230x230.jpg 230w, https:\/\/redemptorismaterfribourg.ch\/wp-content\/uploads\/2018\/08\/Ricardo-350x349.jpg 350w\" sizes=\"(max-width: 479px) 100vw, 479px\" \/>\t\t\t\t\t\t\t\t\t\t\t\t\t\t\t<\/div>\n\t\t\t\t<\/div>\n\t\t\t\t<div class=\"elementor-element elementor-element-860556b elementor-widget elementor-widget-heading\" data-id=\"860556b\" data-element_type=\"widget\" data-e-type=\"widget\" data-widget_type=\"heading.default\">\n\t\t\t\t<div class=\"elementor-widget-container\">\n\t\t\t\t\t<h2 class=\"elementor-heading-title elementor-size-large\"><a href=\"https:\/\/www.paypal.com\/donate\/?token=9p4G35XYcNhgwi9Zvq8TgCXbtQVnssbp3q6X4PNXpdIxVfjcber8PevHc537lYE0v3jdIW&#038;country.x=CH&#038;locale.x=CH\">PAGAMENTO ONLINE<\/a><\/h2>\t\t\t\t<\/div>\n\t\t\t\t<\/div>\n\t\t\t\t\t<\/div>\n\t\t<\/div>\n\t\t\t\t\t<\/div>\n\t\t<\/section>\n\t\t\t\t<section class=\"elementor-section elementor-top-section elementor-element elementor-element-bcca69b elementor-section-boxed elementor-section-height-default elementor-section-height-default\" data-id=\"bcca69b\" data-element_type=\"section\" data-e-type=\"section\">\n\t\t\t\t\t\t<div class=\"elementor-container elementor-column-gap-default\">\n\t\t\t\t\t<div class=\"elementor-column elementor-col-100 elementor-top-column elementor-element elementor-element-c8467cd\" data-id=\"c8467cd\" data-element_type=\"column\" data-e-type=\"column\">\n\t\t\t<div class=\"elementor-widget-wrap elementor-element-populated\">\n\t\t\t\t\t\t<div class=\"elementor-element elementor-element-201b81b elementor-widget elementor-widget-heading\" data-id=\"201b81b\" data-element_type=\"widget\" data-e-type=\"widget\" data-widget_type=\"heading.default\">\n\t\t\t\t<div class=\"elementor-widget-container\">\n\t\t\t\t\t<h2 class=\"elementor-heading-title elementor-size-default\">BONIFICO BANCARIO<\/h2>\t\t\t\t<\/div>\n\t\t\t\t<\/div>\n\t\t\t\t\t<\/div>\n\t\t<\/div>\n\t\t\t\t\t<\/div>\n\t\t<\/section>\n\t\t\t\t<section class=\"elementor-section elementor-top-section elementor-element elementor-element-44bd4dc elementor-section-boxed elementor-section-height-default elementor-section-height-default\" data-id=\"44bd4dc\" data-element_type=\"section\" data-e-type=\"section\">\n\t\t\t\t\t\t<div class=\"elementor-container elementor-column-gap-default\">\n\t\t\t\t\t<div class=\"elementor-column elementor-col-50 elementor-top-column elementor-element elementor-element-140b586\" data-id=\"140b586\" data-element_type=\"column\" data-e-type=\"column\">\n\t\t\t<div class=\"elementor-widget-wrap elementor-element-populated\">\n\t\t\t\t\t\t<div class=\"elementor-element elementor-element-fa1c069 elementor-widget elementor-widget-image\" data-id=\"fa1c069\" data-element_type=\"widget\" data-e-type=\"widget\" data-widget_type=\"image.default\">\n\t\t\t\t<div class=\"elementor-widget-container\">\n\t\t\t\t\t\t\t\t\t\t\t\t\t\t\t<img decoding=\"async\" width=\"1024\" height=\"510\" src=\"https:\/\/redemptorismaterfribourg.ch\/wp-content\/uploads\/2018\/09\/Rib-S\u00e9minaire-1024x510.png\" class=\"attachment-large size-large wp-image-519\" alt=\"\" srcset=\"https:\/\/redemptorismaterfribourg.ch\/wp-content\/uploads\/2018\/09\/Rib-S\u00e9minaire-1024x510.png 1024w, https:\/\/redemptorismaterfribourg.ch\/wp-content\/uploads\/2018\/09\/Rib-S\u00e9minaire-300x149.png 300w, https:\/\/redemptorismaterfribourg.ch\/wp-content\/uploads\/2018\/09\/Rib-S\u00e9minaire-768x383.png 768w, https:\/\/redemptorismaterfribourg.ch\/wp-content\/uploads\/2018\/09\/Rib-S\u00e9minaire-830x413.png 830w, https:\/\/redemptorismaterfribourg.ch\/wp-content\/uploads\/2018\/09\/Rib-S\u00e9minaire-230x115.png 230w, https:\/\/redemptorismaterfribourg.ch\/wp-content\/uploads\/2018\/09\/Rib-S\u00e9minaire-350x174.png 350w, https:\/\/redemptorismaterfribourg.ch\/wp-content\/uploads\/2018\/09\/Rib-S\u00e9minaire-480x239.png 480w, https:\/\/redemptorismaterfribourg.ch\/wp-content\/uploads\/2018\/09\/Rib-S\u00e9minaire.png 1305w\" sizes=\"(max-width: 1024px) 100vw, 1024px\" \/>\t\t\t\t\t\t\t\t\t\t\t\t\t\t\t<\/div>\n\t\t\t\t<\/div>\n\t\t\t\t\t<\/div>\n\t\t<\/div>\n\t\t\t\t<div class=\"elementor-column elementor-col-50 elementor-top-column elementor-element elementor-element-504fce6\" data-id=\"504fce6\" data-element_type=\"column\" data-e-type=\"column\">\n\t\t\t<div class=\"elementor-widget-wrap elementor-element-populated\">\n\t\t\t\t\t\t<div class=\"elementor-element elementor-element-333bbdb elementor-widget elementor-widget-text-editor\" data-id=\"333bbdb\" data-element_type=\"widget\" data-e-type=\"widget\" data-widget_type=\"text-editor.default\">\n\t\t\t\t<div class=\"elementor-widget-container\">\n\t\t\t\t\t\t\t\t\t<p>Fai una donazione direttamente tramite bonifico bancario:<\/p>\n<p><strong>Banque Cantonale de Fribourg&nbsp;<\/strong>1700 FRIBOURG<\/p>\n<p><strong>IBAN<\/strong> CH53 0076 8300 1488 5210 8<\/p>\n<p><strong>BIC <\/strong><span><span>BEFRCH22XXX<\/span><\/span><\/p><p><strong><\/strong><\/p>\n<p><strong>Titolare <\/strong>Fond.S\u00e9m.dioc.missionnaire inter.<\/p>\n<p>Redemptoris Mater de Fribourg<\/p>\n<p>rue de Lausanne 86 1700 FRIBOURG<\/p>\t\t\t\t\t\t\t\t<\/div>\n\t\t\t\t<\/div>\n\t\t\t\t<div class=\"elementor-element elementor-element-71fb406 elementor-widget elementor-widget-heading\" data-id=\"71fb406\" data-element_type=\"widget\" data-e-type=\"widget\" data-widget_type=\"heading.default\">\n\t\t\t\t<div class=\"elementor-widget-container\">\n\t\t\t\t\t<h2 class=\"elementor-heading-title elementor-size-large\"><a href=\"mailto:redaction@redemptorismaterfribourg.ch\">RICHIEDI UN BOLLETTINO DIPAGAMENTO<\/a><\/h2>\t\t\t\t<\/div>\n\t\t\t\t<\/div>\n\t\t\t\t\t<\/div>\n\t\t<\/div>\n\t\t\t\t\t<\/div>\n\t\t<\/section>\n\t\t\t\t<section class=\"elementor-section elementor-top-section elementor-element elementor-element-56c4315 elementor-section-boxed elementor-section-height-default elementor-section-height-default\" data-id=\"56c4315\" data-element_type=\"section\" data-e-type=\"section\">\n\t\t\t\t\t\t<div class=\"elementor-container elementor-column-gap-default\">\n\t\t\t\t\t<div class=\"elementor-column elementor-col-100 elementor-top-column elementor-element elementor-element-926cd42\" data-id=\"926cd42\" data-element_type=\"column\" data-e-type=\"column\">\n\t\t\t<div class=\"elementor-widget-wrap elementor-element-populated\">\n\t\t\t\t\t\t<div class=\"elementor-element elementor-element-a11688c elementor-widget elementor-widget-heading\" data-id=\"a11688c\" data-element_type=\"widget\" data-e-type=\"widget\" data-widget_type=\"heading.default\">\n\t\t\t\t<div class=\"elementor-widget-container\">\n\t\t\t\t\t<h2 class=\"elementor-heading-title elementor-size-default\">DEDUCIBILIT\u00c0 FISCALE<\/h2>\t\t\t\t<\/div>\n\t\t\t\t<\/div>\n\t\t\t\t\t<\/div>\n\t\t<\/div>\n\t\t\t\t\t<\/div>\n\t\t<\/section>\n\t\t\t\t<section class=\"elementor-section elementor-top-section elementor-element elementor-element-9cc5f5e elementor-section-boxed elementor-section-height-default elementor-section-height-default\" data-id=\"9cc5f5e\" data-element_type=\"section\" data-e-type=\"section\">\n\t\t\t\t\t\t<div class=\"elementor-container elementor-column-gap-default\">\n\t\t\t\t\t<div class=\"elementor-column elementor-col-50 elementor-top-column elementor-element elementor-element-3502b37\" data-id=\"3502b37\" data-element_type=\"column\" data-e-type=\"column\">\n\t\t\t<div class=\"elementor-widget-wrap elementor-element-populated\">\n\t\t\t\t\t\t<div class=\"elementor-element elementor-element-8c8d80b elementor-widget elementor-widget-text-editor\" data-id=\"8c8d80b\" data-element_type=\"widget\" data-e-type=\"widget\" data-widget_type=\"text-editor.default\">\n\t\t\t\t<div class=\"elementor-widget-container\">\n\t\t\t\t\t\t\t\t\t<p>Se hai domande, hai bisogno di informazioni sulla detrazione fiscale, contattaci. <a href=\"http:\/\/redemptorismaterfribourg.ch\/?page_id=276#contacts\" data-wplink-edit=\"true\">Link<\/a><\/p><p>Oppure chiamaci allo &#8211; +41 79 828 85 39 &#8211; Etienne Lebreton &#8211; Responsabile delle donazioni<\/p>\t\t\t\t\t\t\t\t<\/div>\n\t\t\t\t<\/div>\n\t\t\t\t\t<\/div>\n\t\t<\/div>\n\t\t\t\t<div class=\"elementor-column elementor-col-50 elementor-top-column elementor-element elementor-element-7c7dfce\" data-id=\"7c7dfce\" data-element_type=\"column\" data-e-type=\"column\">\n\t\t\t<div class=\"elementor-widget-wrap elementor-element-populated\">\n\t\t\t\t\t\t<div class=\"elementor-element elementor-element-410ea03 elementor-widget elementor-widget-heading\" data-id=\"410ea03\" data-element_type=\"widget\" data-e-type=\"widget\" data-widget_type=\"heading.default\">\n\t\t\t\t<div class=\"elementor-widget-container\">\n\t\t\t\t\t<h2 class=\"elementor-heading-title elementor-size-large\"><a href=\"mailto:redaction@redemptorismaterfribourg.ch\">CONTATTACI<\/a><\/h2>\t\t\t\t<\/div>\n\t\t\t\t<\/div>\n\t\t\t\t\t<\/div>\n\t\t<\/div>\n\t\t\t\t\t<\/div>\n\t\t<\/section>\n\t\t\t\t<section class=\"elementor-section elementor-top-section elementor-element elementor-element-6052b66 elementor-section-boxed elementor-section-height-default elementor-section-height-default\" data-id=\"6052b66\" data-element_type=\"section\" data-e-type=\"section\">\n\t\t\t\t\t\t<div class=\"elementor-container elementor-column-gap-default\">\n\t\t\t\t\t<div class=\"elementor-column elementor-col-100 elementor-top-column elementor-element elementor-element-dcb46a0\" data-id=\"dcb46a0\" data-element_type=\"column\" data-e-type=\"column\">\n\t\t\t<div class=\"elementor-widget-wrap elementor-element-populated\">\n\t\t\t\t\t\t<div class=\"elementor-element elementor-element-f001249 elementor-widget elementor-widget-image\" data-id=\"f001249\" data-element_type=\"widget\" data-e-type=\"widget\" data-widget_type=\"image.default\">\n\t\t\t\t<div class=\"elementor-widget-container\">\n\t\t\t\t\t\t\t\t\t\t\t\t\t\t\t<img loading=\"lazy\" decoding=\"async\" width=\"1024\" height=\"663\" src=\"https:\/\/redemptorismaterfribourg.ch\/wp-content\/uploads\/2019\/12\/IMG_5607-1024x663.jpg\" class=\"attachment-large size-large wp-image-1275\" alt=\"\" srcset=\"https:\/\/redemptorismaterfribourg.ch\/wp-content\/uploads\/2019\/12\/IMG_5607-1024x663.jpg 1024w, https:\/\/redemptorismaterfribourg.ch\/wp-content\/uploads\/2019\/12\/IMG_5607-300x194.jpg 300w, https:\/\/redemptorismaterfribourg.ch\/wp-content\/uploads\/2019\/12\/IMG_5607-768x497.jpg 768w, https:\/\/redemptorismaterfribourg.ch\/wp-content\/uploads\/2019\/12\/IMG_5607-830x538.jpg 830w, https:\/\/redemptorismaterfribourg.ch\/wp-content\/uploads\/2019\/12\/IMG_5607-230x149.jpg 230w, https:\/\/redemptorismaterfribourg.ch\/wp-content\/uploads\/2019\/12\/IMG_5607-350x227.jpg 350w, https:\/\/redemptorismaterfribourg.ch\/wp-content\/uploads\/2019\/12\/IMG_5607-480x311.jpg 480w, https:\/\/redemptorismaterfribourg.ch\/wp-content\/uploads\/2019\/12\/IMG_5607.jpg 1394w\" sizes=\"(max-width: 1024px) 100vw, 1024px\" \/>\t\t\t\t\t\t\t\t\t\t\t\t\t\t\t<\/div>\n\t\t\t\t<\/div>\n\t\t\t\t\t<\/div>\n\t\t<\/div>\n\t\t\t\t\t<\/div>\n\t\t<\/section>\n\t\t\t\t<section class=\"elementor-section elementor-top-section elementor-element elementor-element-4c3c8bc elementor-section-boxed elementor-section-height-default elementor-section-height-default\" data-id=\"4c3c8bc\" data-element_type=\"section\" data-e-type=\"section\" data-settings=\"{&quot;background_background&quot;:&quot;classic&quot;}\">\n\t\t\t\t\t\t<div class=\"elementor-container elementor-column-gap-default\">\n\t\t\t\t\t<div class=\"elementor-column elementor-col-100 elementor-top-column elementor-element elementor-element-c850c54\" data-id=\"c850c54\" data-element_type=\"column\" data-e-type=\"column\" data-settings=\"{&quot;background_background&quot;:&quot;classic&quot;}\">\n\t\t\t<div class=\"elementor-widget-wrap elementor-element-populated\">\n\t\t\t\t\t\t<div class=\"elementor-element elementor-element-670af7c elementor-widget elementor-widget-image\" data-id=\"670af7c\" data-element_type=\"widget\" data-e-type=\"widget\" data-widget_type=\"image.default\">\n\t\t\t\t<div class=\"elementor-widget-container\">\n\t\t\t\t\t\t\t\t\t\t\t\t\t\t\t<img loading=\"lazy\" decoding=\"async\" width=\"230\" height=\"230\" src=\"https:\/\/redemptorismaterfribourg.ch\/wp-content\/uploads\/2018\/08\/srm-cc3a1diz-230x230.png\" class=\"attachment-sydney-small-thumb size-sydney-small-thumb wp-image-45\" alt=\"\" srcset=\"https:\/\/redemptorismaterfribourg.ch\/wp-content\/uploads\/2018\/08\/srm-cc3a1diz-230x230.png 230w, https:\/\/redemptorismaterfribourg.ch\/wp-content\/uploads\/2018\/08\/srm-cc3a1diz-150x150.png 150w, https:\/\/redemptorismaterfribourg.ch\/wp-content\/uploads\/2018\/08\/srm-cc3a1diz-300x300.png 300w, https:\/\/redemptorismaterfribourg.ch\/wp-content\/uploads\/2018\/08\/srm-cc3a1diz-350x350.png 350w, https:\/\/redemptorismaterfribourg.ch\/wp-content\/uploads\/2018\/08\/srm-cc3a1diz.png 357w\" sizes=\"(max-width: 230px) 100vw, 230px\" \/>\t\t\t\t\t\t\t\t\t\t\t\t\t\t\t<\/div>\n\t\t\t\t<\/div>\n\t\t\t\t\t<\/div>\n\t\t<\/div>\n\t\t\t\t\t<\/div>\n\t\t<\/section>\n\t\t\t\t<\/div>\n\t\t","protected":false},"excerpt":{"rendered":"<p>S\u00cc, VOGLIO FARE UNA DONAZIONE PER SOSTENERE I SEMINARISTI Il Seminario Missionario Internazionale Diocesano Redemptoris Mater di Friburgo si propone di formare [&hellip;]<\/p>\n","protected":false},"author":1,"featured_media":0,"parent":0,"menu_order":0,"comment_status":"closed","ping_status":"closed","template":"elementor_header_footer","meta":{"footnotes":""},"class_list":["post-1776","page","type-page","status-publish","hentry"],"_links":{"self":[{"href":"https:\/\/redemptorismaterfribourg.ch\/index.php?rest_route=\/wp\/v2\/pages\/1776","targetHints":{"allow":["GET"]}}],"collection":[{"href":"https:\/\/redemptorismaterfribourg.ch\/index.php?rest_route=\/wp\/v2\/pages"}],"about":[{"href":"https:\/\/redemptorismaterfribourg.ch\/index.php?rest_route=\/wp\/v2\/types\/page"}],"author":[{"embeddable":true,"href":"https:\/\/redemptorismaterfribourg.ch\/index.php?rest_route=\/wp\/v2\/users\/1"}],"replies":[{"embeddable":true,"href":"https:\/\/redemptorismaterfribourg.ch\/index.php?rest_route=%2Fwp%2Fv2%2Fcomments&post=1776"}],"version-history":[{"count":0,"href":"https:\/\/redemptorismaterfribourg.ch\/index.php?rest_route=\/wp\/v2\/pages\/1776\/revisions"}],"wp:attachment":[{"href":"https:\/\/redemptorismaterfribourg.ch\/index.php?rest_route=%2Fwp%2Fv2%2Fmedia&parent=1776"}],"curies":[{"name":"wp","href":"https:\/\/api.w.org\/{rel}","templated":true}]}}